{"id":49,"date":"2026-03-22T18:02:26","date_gmt":"2026-03-22T15:02:26","guid":{"rendered":"https:\/\/aslanbeyvize.com\/index.php\/thank-you\/"},"modified":"2026-03-22T18:02:26","modified_gmt":"2026-03-22T15:02:26","slug":"thank-you","status":"publish","type":"page","link":"https:\/\/aslanbeyvize.com\/index.php\/thank-you\/","title":{"rendered":"Thank You"},"content":{"rendered":"Gezi rezervasyonu yapt\u0131\u011f\u0131n\u0131z i\u00e7in te\u015fekk\u00fcr ederiz. L\u00fctfen onay i\u00e7in e-postan\u0131z\u0131 kontrol edin.\n","protected":false},"excerpt":{"rendered":"","protected":false},"author":1,"featured_media":0,"parent":0,"menu_order":0,"comment_status":"closed","ping_status":"closed","template":"","meta":{"footnotes":""},"class_list":["post-49","page","type-page","status-publish","hentry"],"_links":{"self":[{"href":"https:\/\/aslanbeyvize.com\/index.php\/wp-json\/wp\/v2\/pages\/49","targetHints":{"allow":["GET"]}}],"collection":[{"href":"https:\/\/aslanbeyvize.com\/index.php\/wp-json\/wp\/v2\/pages"}],"about":[{"href":"https:\/\/aslanbeyvize.com\/index.php\/wp-json\/wp\/v2\/types\/page"}],"author":[{"embeddable":true,"href":"https:\/\/aslanbeyvize.com\/index.php\/wp-json\/wp\/v2\/users\/1"}],"replies":[{"embeddable":true,"href":"https:\/\/aslanbeyvize.com\/index.php\/wp-json\/wp\/v2\/comments?post=49"}],"version-history":[{"count":0,"href":"https:\/\/aslanbeyvize.com\/index.php\/wp-json\/wp\/v2\/pages\/49\/revisions"}],"wp:attachment":[{"href":"https:\/\/aslanbeyvize.com\/index.php\/wp-json\/wp\/v2\/media?parent=49"}],"curies":[{"name":"wp","href":"https:\/\/api.w.org\/{rel}","templated":true}]}}